{"id":3,"date":"2025-07-10T06:25:25","date_gmt":"2025-07-10T06:25:25","guid":{"rendered":"http:\/\/seabreeze-assist.com\/?page_id=3"},"modified":"2026-01-05T14:11:30","modified_gmt":"2026-01-05T14:11:30","slug":"privacy-policy","status":"publish","type":"page","link":"https:\/\/seabreeze-assist.com\/en\/privacy-policy\/","title":{"rendered":"Privacy Policy"},"content":{"rendered":"<div data-elementor-type=\"wp-page\" data-elementor-id=\"3\" class=\"elementor elementor-3\">\n\t\t\t\t<div class=\"elementor-element elementor-element-69454f1b e-flex e-con-boxed e-con e-parent\" data-id=\"69454f1b\" data-element_type=\"container\" data-e-type=\"container\">\n\t\t\t\t\t<div class=\"e-con-inner\">\n\t\t\t\t<div class=\"elementor-element elementor-element-359ad775 elementor-widget elementor-widget-text-editor\" data-id=\"359ad775\" data-element_type=\"widget\" data-e-type=\"widget\" data-widget_type=\"text-editor.default\">\n\t\t\t\t\t\t\t\t\t\n<h1 class=\"wp-block-heading\">Privacy Policy<\/h1>\n<h2>1. Allgemeine Hinweise<\/h2>\n<p>Der Schutz Ihrer pers\u00f6nlichen Daten ist uns ein besonderes Anliegen. Wir verarbeiten Ihre Daten daher ausschlie\u00dflich auf Grundlage der gesetzlichen Bestimmungen (DSGVO, TKG 2003). In dieser Datenschutzerkl\u00e4rung informieren wir Sie \u00fcber die wichtigsten Aspekte der Datenverarbeitung im Rahmen dieser Website.<\/p>\n<p>Diese Website basiert auf WordPress und wird perspektivisch um Funktionen wie WooCommerce (Online-Shop), Benutzerkonten sowie Formularfunktionen erweitert.<\/p>\n<h2>2. Verantwortlicher<\/h2>\n<p>Verantwortlich f\u00fcr die Datenverarbeitung auf dieser Website ist:<\/p>\n<p><strong>Seabreeze Assist O.E.<\/strong><br \/><strong>Elevtheriou Venizelou 43<\/strong><br \/><strong>81100 Lesvos<\/strong><br \/><a href=\"mailto:info@seabreeze-assist.com\"><strong>info@seabreeze-assist.com<\/strong><\/a><\/p>\n<h2>3. Hosting<\/h2>\n<p>Diese Website wird bei einem externen Hosting-Anbieter betrieben. Personenbezogene Daten, die auf dieser Website erfasst werden, werden auf den Servern des Hosters verarbeitet. Dazu k\u00f6nnen insbesondere IP-Adressen, Meta- und Kommunikationsdaten, Websitezugriffe und sonstige Daten geh\u00f6ren, die \u00fcber eine Website generiert werden.<\/p>\n<p>Die Verarbeitung erfolgt auf Grundlage von Art. 6 Abs. 1 lit. f DSGVO (berechtigtes Interesse an einem sicheren und effizienten Betrieb der Website) sowie ggf. Art. 6 Abs. 1 lit. b DSGVO (Vertragserf\u00fcllung).<\/p>\n<h2>4. Zugriffsdaten \/ Server-Logfiles<\/h2>\n<p>Der Hosting-Provider erhebt und speichert automatisch Informationen in sogenannten Server-Logfiles, die Ihr Browser automatisch \u00fcbermittelt. Dies sind insbesondere:<\/p>\n<ul>\n<li>\n<p>IP-Adresse (gek\u00fcrzt oder anonymisiert, sofern m\u00f6glich)<\/p>\n<\/li>\n<li>\n<p>Datum und Uhrzeit der Anfrage<\/p>\n<\/li>\n<li>\n<p>Browsertyp und Browserversion<\/p>\n<\/li>\n<li>\n<p>verwendetes Betriebssystem<\/p>\n<\/li>\n<li>\n<p>Referrer-URL<\/p>\n<\/li>\n<li>\n<p>Hostname des zugreifenden Rechners<\/p>\n<\/li>\n<\/ul>\n<p>Diese Daten sind nicht bestimmten Personen zuordenbar und werden nicht mit anderen Datenquellen zusammengef\u00fchrt.<\/p>\n<h2>5. Cookies<\/h2>\n<p>Unsere Website verwendet Cookies. Dabei handelt es sich um kleine Textdateien, die auf Ihrem Endger\u00e4t gespeichert werden. Cookies richten keinen Schaden an.<\/p>\n<p>Wir verwenden Cookies, um unsere Website nutzerfreundlich zu gestalten und bestimmte Funktionen bereitzustellen. Einige Cookies bleiben auf Ihrem Endger\u00e4t gespeichert, bis Sie diese l\u00f6schen.<\/p>\n<p>Die Verwendung von Cookies erfolgt auf Grundlage Ihrer Einwilligung (Art. 6 Abs. 1 lit. a DSGVO) oder \u2013 sofern technisch erforderlich \u2013 auf Grundlage von Art. 6 Abs. 1 lit. f DSGVO.<\/p>\n<p>Zur Verwaltung der eingesetzten Cookies und \u00e4hnlichen Technologien verwenden wir ein Cookie-Consent-Tool.<\/p>\n<h2>6. Google Analytics<\/h2>\n<p>Diese Website nutzt Google Analytics, einen Webanalysedienst der Google Ireland Limited, Gordon House, Barrow Street, Dublin 4, Irland.<\/p>\n<p>Google Analytics verwendet Cookies, die eine Analyse der Benutzung der Website durch Sie erm\u00f6glichen. Die dadurch erzeugten Informationen werden in der Regel an einen Server von Google \u00fcbertragen und dort gespeichert.<\/p>\n<p>Wir nutzen Google Analytics ausschlie\u00dflich mit aktivierter IP-Anonymisierung. Ihre IP-Adresse wird von Google innerhalb der EU oder des EWR gek\u00fcrzt.<\/p>\n<p>Die Nutzung von Google Analytics erfolgt ausschlie\u00dflich auf Grundlage Ihrer ausdr\u00fccklichen Einwilligung (Art. 6 Abs. 1 lit. a DSGVO).<\/p>\n<h2>7. Google Ads<\/h2>\n<p>Wir verwenden Google Ads, ein Online-Werbeprogramm von Google. Im Rahmen von Google Ads setzen wir Conversion-Tracking ein.<\/p>\n<p>Wenn Sie auf eine von Google geschaltete Anzeige klicken, wird ein Cookie f\u00fcr das Conversion-Tracking gesetzt. Diese Cookies verlieren nach 30 Tagen ihre G\u00fcltigkeit und dienen nicht der pers\u00f6nlichen Identifizierung.<\/p>\n<p>Die Nutzung von Google Ads erfolgt ausschlie\u00dflich auf Grundlage Ihrer Einwilligung (Art. 6 Abs. 1 lit. a DSGVO).<\/p>\n<h2>8. Einwilligungsmanagement (Cookie-Consent)<\/h2>\n<p>Zur Einholung und Verwaltung der Einwilligungen setzen wir ein Cookie-Consent-Tool ein. Dieses speichert:<\/p>\n<ul>\n<li>\n<p>Einwilligungsstatus<\/p>\n<\/li>\n<li>\n<p>Zeitpunkt der Zustimmung<\/p>\n<\/li>\n<li>\n<p>Browserinformationen<\/p>\n<\/li>\n<\/ul>\n<p>Die Verarbeitung erfolgt auf Grundlage von Art. 6 Abs. 1 lit. c DSGVO (rechtliche Verpflichtung).<\/p>\n<h2>9. Kontaktformulare<\/h2>\n<p>Wenn Sie uns per Formular kontaktieren, werden Ihre angegebenen Daten zwecks Bearbeitung der Anfrage und f\u00fcr den Fall von Anschlussfragen gespeichert.<\/p>\n<p>Die Verarbeitung erfolgt auf Grundlage von Art. 6 Abs. 1 lit. b DSGVO (vorvertragliche Ma\u00dfnahmen) oder Art. 6 Abs. 1 lit. a DSGVO (Einwilligung).<\/p>\n<h2>10. Benutzerkonten<\/h2>\n<p>Bei der Registrierung auf unserer Website werden personenbezogene Daten verarbeitet (z.\u202fB. Name, E-Mail-Adresse, Login-Daten).<\/p>\n<p>Die Verarbeitung erfolgt zur Bereitstellung der Benutzerkonten-Funktion auf Grundlage von Art. 6 Abs. 1 lit. b DSGVO.<\/p>\n<h2>11. Zahlungsdienstleister (Stripe und PayPal)<\/h2>\n<p>Sofern Zahlungen \u00fcber externe Zahlungsdienstleister abgewickelt werden, erfolgt die Zahlungsabwicklung direkt \u00fcber diese Anbieter.<\/p>\n<h3>Stripe<\/h3>\n<p>Anbieter ist Stripe Payments Europe Ltd., 1 Grand Canal Street Lower, Grand Canal Dock, Dublin, Irland.<\/p>\n<p>Verarbeitete Daten k\u00f6nnen sein:<\/p>\n<ul>\n<li>\n<p>Name<\/p>\n<\/li>\n<li>\n<p>E-Mail-Adresse<\/p>\n<\/li>\n<li>\n<p>Rechnungsadresse<\/p>\n<\/li>\n<li>\n<p>Zahlungsdaten (z. B. Kreditkartendaten)<\/p>\n<\/li>\n<\/ul>\n<p>Die Verarbeitung erfolgt zur Vertragsabwicklung gem\u00e4\u00df Art. 6 Abs. 1 lit. b DSGVO.<\/p>\n<h3>PayPal<\/h3>\n<p>Anbieter ist PayPal (Europe) S.\u00e0 r.l. et Cie, S.C.A., 22\u201324 Boulevard Royal, L-2449 Luxemburg.<\/p>\n<p>PayPal verarbeitet personenbezogene Daten zur Zahlungsabwicklung eigenverantwortlich. Es gelten die Datenschutzbestimmungen von PayPal.<\/p>\n<p>Die Verarbeitung erfolgt auf Grundlage von Art. 6 Abs. 1 lit. b DSGVO.<\/p>\n<h2>12. Daten\u00fcbermittlung in Drittl\u00e4nder<\/h2>\n<p>Bei der Nutzung von Diensten wie Google kann eine \u00dcbermittlung von Daten in Drittl\u00e4nder (insbesondere USA) nicht ausgeschlossen werden.<\/p>\n<p>Die \u00dcbermittlung erfolgt auf Grundlage geeigneter Garantien gem\u00e4\u00df Art. 44 ff. DSGVO (z.\u202fB. EU-Standardvertragsklauseln).<\/p>\n<h2>13. Speicherdauer<\/h2>\n<p>Personenbezogene Daten werden nur so lange gespeichert, wie dies zur Erf\u00fcllung der jeweiligen Zwecke erforderlich ist oder gesetzliche Aufbewahrungspflichten bestehen.<\/p>\n<h2>14. Ihre Rechte<\/h2>\n<p>Ihnen stehen grunds\u00e4tzlich folgende Rechte zu:<\/p>\n<ul>\n<li>\n<p>Auskunft (Art. 15 DSGVO)<\/p>\n<\/li>\n<li>\n<p>Berichtigung (Art. 16 DSGVO)<\/p>\n<\/li>\n<li>\n<p>L\u00f6schung (Art. 17 DSGVO)<\/p>\n<\/li>\n<li>\n<p>Einschr\u00e4nkung der Verarbeitung (Art. 18 DSGVO)<\/p>\n<\/li>\n<li>\n<p>Daten\u00fcbertragbarkeit (Art. 20 DSGVO)<\/p>\n<\/li>\n<li>\n<p>Widerruf einer Einwilligung (Art. 7 Abs. 3 DSGVO)<\/p>\n<\/li>\n<li>\n<p>Widerspruch gegen die Verarbeitung (Art. 21 DSGVO)<\/p>\n<\/li>\n<\/ul>\n<p>Wenn Sie glauben, dass die Verarbeitung Ihrer Daten gegen das Datenschutzrecht verst\u00f6\u00dft, haben Sie das Recht, sich bei der zust\u00e4ndigen Aufsichtsbeh\u00f6rde zu beschweren.<\/p>\n<h2>15. \u00c4nderungen dieser Datenschutzerkl\u00e4rung<\/h2>\n<p>Wir behalten uns vor, diese Datenschutzerkl\u00e4rung anzupassen, um sie an ge\u00e4nderte Rechtslagen oder neue Funktionen der Website anzupassen.<\/p>\t\t\t\t\t\t\t\t<\/div>\n\t\t\t\t\t<\/div>\n\t\t\t\t<\/div>\n\t\t\t\t<\/div>","protected":false},"excerpt":{"rendered":"<p>Datenschutzerkl\u00e4rung 1. Allgemeine Hinweise Der Schutz Ihrer pers\u00f6nlichen Daten ist uns ein besonderes Anliegen. Wir verarbeiten Ihre Daten daher ausschlie\u00dflich auf Grundlage der gesetzlichen Bestimmungen (DSGVO, TKG 2003). In dieser Datenschutzerkl\u00e4rung informieren wir Sie \u00fcber die wichtigsten Aspekte der Datenverarbeitung im Rahmen dieser Website. Diese Website basiert auf WordPress und wird perspektivisch um Funktionen wie [&hellip;]<\/p>\n","protected":false},"author":1,"featured_media":0,"parent":0,"menu_order":0,"comment_status":"closed","ping_status":"open","template":"","meta":{"_acf_changed":false,"footnotes":""},"class_list":["post-3","page","type-page","status-publish","hentry"],"acf":[],"yoast_head":"<!-- This site is optimized with the Yoast SEO plugin v27.3 - https:\/\/yoast.com\/product\/yoast-seo-wordpress\/ -->\n<title>Privacy Policy - Seabreeze Assist<\/title>\n<meta name=\"robots\" content=\"index, follow, max-snippet:-1, max-image-preview:large, max-video-preview:-1\" \/>\n<link rel=\"canonical\" href=\"https:\/\/seabreeze-assist.com\/en\/privacy-policy\/\" \/>\n<meta property=\"og:locale\" content=\"en_US\" \/>\n<meta property=\"og:type\" content=\"article\" \/>\n<meta property=\"og:title\" content=\"Privacy Policy - Seabreeze Assist\" \/>\n<meta property=\"og:description\" content=\"Datenschutzerkl\u00e4rung 1. Allgemeine Hinweise Der Schutz Ihrer pers\u00f6nlichen Daten ist uns ein besonderes Anliegen. Wir verarbeiten Ihre Daten daher ausschlie\u00dflich auf Grundlage der gesetzlichen Bestimmungen (DSGVO, TKG 2003). In dieser Datenschutzerkl\u00e4rung informieren wir Sie \u00fcber die wichtigsten Aspekte der Datenverarbeitung im Rahmen dieser Website. Diese Website basiert auf WordPress und wird perspektivisch um Funktionen wie [&hellip;]\" \/>\n<meta property=\"og:url\" content=\"https:\/\/seabreeze-assist.com\/en\/privacy-policy\/\" \/>\n<meta property=\"og:site_name\" content=\"Seabreeze Assist\" \/>\n<meta property=\"article:modified_time\" content=\"2026-01-05T14:11:30+00:00\" \/>\n<meta name=\"twitter:card\" content=\"summary_large_image\" \/>\n<meta name=\"twitter:label1\" content=\"Est. reading time\" \/>\n\t<meta name=\"twitter:data1\" content=\"4 minutes\" \/>\n<script type=\"application\/ld+json\" class=\"yoast-schema-graph\">{\"@context\":\"https:\\\/\\\/schema.org\",\"@graph\":[{\"@type\":\"WebPage\",\"@id\":\"https:\\\/\\\/seabreeze-assist.com\\\/privacy-policy\\\/\",\"url\":\"https:\\\/\\\/seabreeze-assist.com\\\/privacy-policy\\\/\",\"name\":\"Privacy Policy - Seabreeze Assist\",\"isPartOf\":{\"@id\":\"https:\\\/\\\/seabreeze-assist.com\\\/#website\"},\"datePublished\":\"2025-07-10T06:25:25+00:00\",\"dateModified\":\"2026-01-05T14:11:30+00:00\",\"breadcrumb\":{\"@id\":\"https:\\\/\\\/seabreeze-assist.com\\\/privacy-policy\\\/#breadcrumb\"},\"inLanguage\":\"en-CA\",\"potentialAction\":[{\"@type\":\"ReadAction\",\"target\":[\"https:\\\/\\\/seabreeze-assist.com\\\/privacy-policy\\\/\"]}]},{\"@type\":\"BreadcrumbList\",\"@id\":\"https:\\\/\\\/seabreeze-assist.com\\\/privacy-policy\\\/#breadcrumb\",\"itemListElement\":[{\"@type\":\"ListItem\",\"position\":1,\"name\":\"Start\",\"item\":\"https:\\\/\\\/seabreeze-assist.com\\\/\"},{\"@type\":\"ListItem\",\"position\":2,\"name\":\"Privacy Policy\"}]},{\"@type\":\"WebSite\",\"@id\":\"https:\\\/\\\/seabreeze-assist.com\\\/#website\",\"url\":\"https:\\\/\\\/seabreeze-assist.com\\\/\",\"name\":\"seabreeze-assist.com\",\"description\":\"Full-Service Digitalagentur f\u00fcr KMU\",\"publisher\":{\"@id\":\"https:\\\/\\\/seabreeze-assist.com\\\/#organization\"},\"potentialAction\":[{\"@type\":\"SearchAction\",\"target\":{\"@type\":\"EntryPoint\",\"urlTemplate\":\"https:\\\/\\\/seabreeze-assist.com\\\/?s={search_term_string}\"},\"query-input\":{\"@type\":\"PropertyValueSpecification\",\"valueRequired\":true,\"valueName\":\"search_term_string\"}}],\"inLanguage\":\"en-CA\"},{\"@type\":\"Organization\",\"@id\":\"https:\\\/\\\/seabreeze-assist.com\\\/#organization\",\"name\":\"Digitalagentur - Seabreeze Assist O.E.\",\"url\":\"https:\\\/\\\/seabreeze-assist.com\\\/\",\"logo\":{\"@type\":\"ImageObject\",\"inLanguage\":\"en-CA\",\"@id\":\"https:\\\/\\\/seabreeze-assist.com\\\/#\\\/schema\\\/logo\\\/image\\\/\",\"url\":\"https:\\\/\\\/seabreeze-assist.com\\\/wp-content\\\/uploads\\\/2025\\\/08\\\/cropped-logo-transparent-seabreeze-assist.png\",\"contentUrl\":\"https:\\\/\\\/seabreeze-assist.com\\\/wp-content\\\/uploads\\\/2025\\\/08\\\/cropped-logo-transparent-seabreeze-assist.png\",\"width\":1024,\"height\":942,\"caption\":\"Digitalagentur - Seabreeze Assist O.E.\"},\"image\":{\"@id\":\"https:\\\/\\\/seabreeze-assist.com\\\/#\\\/schema\\\/logo\\\/image\\\/\"},\"sameAs\":[\"https:\\\/\\\/www.linkedin.com\\\/company\\\/seabreeze-assist-o-e\\\/\"]}]}<\/script>\n<!-- \/ Yoast SEO plugin. -->","yoast_head_json":{"title":"Privacy Policy - Seabreeze Assist","robots":{"index":"index","follow":"follow","max-snippet":"max-snippet:-1","max-image-preview":"max-image-preview:large","max-video-preview":"max-video-preview:-1"},"canonical":"https:\/\/seabreeze-assist.com\/en\/privacy-policy\/","og_locale":"en_US","og_type":"article","og_title":"Privacy Policy - Seabreeze Assist","og_description":"Datenschutzerkl\u00e4rung 1. Allgemeine Hinweise Der Schutz Ihrer pers\u00f6nlichen Daten ist uns ein besonderes Anliegen. Wir verarbeiten Ihre Daten daher ausschlie\u00dflich auf Grundlage der gesetzlichen Bestimmungen (DSGVO, TKG 2003). In dieser Datenschutzerkl\u00e4rung informieren wir Sie \u00fcber die wichtigsten Aspekte der Datenverarbeitung im Rahmen dieser Website. Diese Website basiert auf WordPress und wird perspektivisch um Funktionen wie [&hellip;]","og_url":"https:\/\/seabreeze-assist.com\/en\/privacy-policy\/","og_site_name":"Seabreeze Assist","article_modified_time":"2026-01-05T14:11:30+00:00","twitter_card":"summary_large_image","twitter_misc":{"Est. reading time":"4 minutes"},"schema":{"@context":"https:\/\/schema.org","@graph":[{"@type":"WebPage","@id":"https:\/\/seabreeze-assist.com\/privacy-policy\/","url":"https:\/\/seabreeze-assist.com\/privacy-policy\/","name":"Privacy Policy - Seabreeze Assist","isPartOf":{"@id":"https:\/\/seabreeze-assist.com\/#website"},"datePublished":"2025-07-10T06:25:25+00:00","dateModified":"2026-01-05T14:11:30+00:00","breadcrumb":{"@id":"https:\/\/seabreeze-assist.com\/privacy-policy\/#breadcrumb"},"inLanguage":"en-CA","potentialAction":[{"@type":"ReadAction","target":["https:\/\/seabreeze-assist.com\/privacy-policy\/"]}]},{"@type":"BreadcrumbList","@id":"https:\/\/seabreeze-assist.com\/privacy-policy\/#breadcrumb","itemListElement":[{"@type":"ListItem","position":1,"name":"Start","item":"https:\/\/seabreeze-assist.com\/"},{"@type":"ListItem","position":2,"name":"Privacy Policy"}]},{"@type":"WebSite","@id":"https:\/\/seabreeze-assist.com\/#website","url":"https:\/\/seabreeze-assist.com\/","name":"seabreeze-assist.com","description":"Full-service digital agency for small and medium-sized businesses","publisher":{"@id":"https:\/\/seabreeze-assist.com\/#organization"},"potentialAction":[{"@type":"SearchAction","target":{"@type":"EntryPoint","urlTemplate":"https:\/\/seabreeze-assist.com\/?s={search_term_string}"},"query-input":{"@type":"PropertyValueSpecification","valueRequired":true,"valueName":"search_term_string"}}],"inLanguage":"en-CA"},{"@type":"Organization","@id":"https:\/\/seabreeze-assist.com\/#organization","name":"Digitalagentur - Seabreeze Assist O.E.","url":"https:\/\/seabreeze-assist.com\/","logo":{"@type":"ImageObject","inLanguage":"en-CA","@id":"https:\/\/seabreeze-assist.com\/#\/schema\/logo\/image\/","url":"https:\/\/seabreeze-assist.com\/wp-content\/uploads\/2025\/08\/cropped-logo-transparent-seabreeze-assist.png","contentUrl":"https:\/\/seabreeze-assist.com\/wp-content\/uploads\/2025\/08\/cropped-logo-transparent-seabreeze-assist.png","width":1024,"height":942,"caption":"Digitalagentur - Seabreeze Assist O.E."},"image":{"@id":"https:\/\/seabreeze-assist.com\/#\/schema\/logo\/image\/"},"sameAs":["https:\/\/www.linkedin.com\/company\/seabreeze-assist-o-e\/"]}]}},"_links":{"self":[{"href":"https:\/\/seabreeze-assist.com\/en\/wp-json\/wp\/v2\/pages\/3","targetHints":{"allow":["GET"]}}],"collection":[{"href":"https:\/\/seabreeze-assist.com\/en\/wp-json\/wp\/v2\/pages"}],"about":[{"href":"https:\/\/seabreeze-assist.com\/en\/wp-json\/wp\/v2\/types\/page"}],"author":[{"embeddable":true,"href":"https:\/\/seabreeze-assist.com\/en\/wp-json\/wp\/v2\/users\/1"}],"replies":[{"embeddable":true,"href":"https:\/\/seabreeze-assist.com\/en\/wp-json\/wp\/v2\/comments?post=3"}],"version-history":[{"count":3,"href":"https:\/\/seabreeze-assist.com\/en\/wp-json\/wp\/v2\/pages\/3\/revisions"}],"predecessor-version":[{"id":511,"href":"https:\/\/seabreeze-assist.com\/en\/wp-json\/wp\/v2\/pages\/3\/revisions\/511"}],"wp:attachment":[{"href":"https:\/\/seabreeze-assist.com\/en\/wp-json\/wp\/v2\/media?parent=3"}],"curies":[{"name":"wp","href":"https:\/\/api.w.org\/{rel}","templated":true}]}}