{"id":311,"date":"2025-08-26T05:57:07","date_gmt":"2025-08-26T05:57:07","guid":{"rendered":"https:\/\/seabreeze-assist.com\/?page_id=311"},"modified":"2026-01-05T14:26:06","modified_gmt":"2026-01-05T14:26:06","slug":"impressum","status":"publish","type":"page","link":"https:\/\/seabreeze-assist.com\/en\/impressum\/","title":{"rendered":"Legal Notice"},"content":{"rendered":"<div data-elementor-type=\"wp-page\" data-elementor-id=\"311\" class=\"elementor elementor-311\">\n\t\t\t\t<div class=\"elementor-element elementor-element-740faca e-flex e-con-boxed e-con e-parent\" data-id=\"740faca\" data-element_type=\"container\" data-e-type=\"container\">\n\t\t\t\t\t<div class=\"e-con-inner\">\n\t\t\t\t<div class=\"elementor-element elementor-element-70115b4 elementor-widget elementor-widget-heading\" data-id=\"70115b4\" data-element_type=\"widget\" data-e-type=\"widget\" data-widget_type=\"heading.default\">\n\t\t\t\t\t<h1 class=\"elementor-heading-title elementor-size-default\">Legal Notice<\/h1>\t\t\t\t<\/div>\n\t\t\t\t<div class=\"elementor-element elementor-element-ac196d2 elementor-widget elementor-widget-text-editor\" data-id=\"ac196d2\" data-element_type=\"widget\" data-e-type=\"widget\" data-widget_type=\"text-editor.default\">\n\t\t\t\t\t\t\t\t\t<p>Angaben gem\u00e4\u00df den geltenden gesetzlichen Vorschriften der Europ\u00e4ischen Union sowie den einschl\u00e4gigen Bestimmungen des griechischen Rechts.<\/p><h2>Anbieter<\/h2><p><strong>Seabreeze Assist<\/strong><br \/>Rechtsform: <strong>O.E.<\/strong><\/p><p><strong>Anschrift:<\/strong><br \/>Elevtheriou Venizelou 43<br \/>81100 Mytilini<br \/>Griechenland<\/p><h2>Kontakt<\/h2><p>E-Mail: <a href=\"mailto:info@seabreeze-assist.com\"><strong>info@seabreeze-assist.com<\/strong><\/a><\/p><h2>Unternehmensangaben<\/h2><p>Umsatzsteuer-Identifikationsnummer gem\u00e4\u00df Art. 28 MwStSystRL: <strong>EL802862076<\/strong><br \/>Steuernummer (\u0391\u03a6\u039c): <strong>802862076<\/strong><br \/>Zust\u00e4ndiges Finanzamt: <strong>Mytilini<\/strong><\/p><h2>Verantwortlich f\u00fcr den Inhalt<\/h2><p><strong>Seabreeze Assist O.E.<\/strong><br \/>Anschrift wie oben<\/p><h2>Online-Streitbeilegung<\/h2><p>Die Europ\u00e4ische Kommission stellt eine Plattform zur Online-Streitbeilegung (OS) bereit. Verbraucher haben die M\u00f6glichkeit, Beschwerden \u00fcber diese Plattform beizulegen.<\/p><h2>Haftung f\u00fcr Inhalte<\/h2><p>Als Diensteanbieter sind wir gem\u00e4\u00df den allgemeinen gesetzlichen Bestimmungen f\u00fcr eigene Inhalte auf diesen Seiten verantwortlich. F\u00fcr fremde Inhalte, auf die wir verweisen, \u00fcbernehmen wir keine Haftung.<\/p><h2>Haftung f\u00fcr Links<\/h2><p>Unsere Website enth\u00e4lt Links zu externen Websites Dritter. Auf deren Inhalte haben wir keinen Einfluss und \u00fcbernehmen daf\u00fcr keine Gew\u00e4hr.<\/p><h2>Urheberrecht<\/h2><p>Die durch den Seitenbetreiber erstellten Inhalte und Werke auf dieser Website unterliegen dem Urheberrecht. Inhalte k\u00f6nnen ganz oder teilweise unter Einsatz moderner technischer Hilfsmittel, einschlie\u00dflich KI-gest\u00fctzter Systeme, erstellt worden sein. Eine Kennzeichnung einzelner Inhalte ist gesetzlich nicht vorgeschrieben.<\/p><p>Jede Art der Verwertung bedarf der vorherigen schriftlichen Zustimmung.<\/p><h2>Bildnachweise<\/h2><p>Die auf dieser Website verwendeten Bilder stammen unter anderem aus lizenzfreien Bilddatenbanken wie Unsplash, Pexels und Pixabay und wurden teilweise \u00fcber das WordPress-Plugin \u201eInstant Images\u201c eingebunden. Eine gesonderte Kennzeichnung einzelner Bilder ist gem\u00e4\u00df den jeweiligen Lizenzbedingungen nicht erforderlich.<\/p>\t\t\t\t\t\t\t\t<\/div>\n\t\t\t\t\t<\/div>\n\t\t\t\t<\/div>\n\t\t\t\t<\/div>","protected":false},"excerpt":{"rendered":"<p>Impressum Angaben gem\u00e4\u00df den geltenden gesetzlichen Vorschriften der Europ\u00e4ischen Union sowie den einschl\u00e4gigen Bestimmungen des griechischen Rechts. Anbieter Seabreeze AssistRechtsform: O.E. Anschrift:Elevtheriou Venizelou 4381100 MytiliniGriechenland Kontakt E-Mail: info@seabreeze-assist.com Unternehmensangaben Umsatzsteuer-Identifikationsnummer gem\u00e4\u00df Art. 28 MwStSystRL: EL802862076Steuernummer (\u0391\u03a6\u039c): 802862076Zust\u00e4ndiges Finanzamt: Mytilini Verantwortlich f\u00fcr den Inhalt Seabreeze Assist O.E.Anschrift wie oben Online-Streitbeilegung Die Europ\u00e4ische Kommission stellt eine Plattform [&hellip;]<\/p>\n","protected":false},"author":1,"featured_media":0,"parent":0,"menu_order":0,"comment_status":"closed","ping_status":"closed","template":"","meta":{"_acf_changed":false,"footnotes":""},"class_list":["post-311","page","type-page","status-publish","hentry"],"acf":[],"yoast_head":"<!-- This site is optimized with the Yoast SEO plugin v27.3 - https:\/\/yoast.com\/product\/yoast-seo-wordpress\/ -->\n<title>Impressum - Seabreeze Assist<\/title>\n<meta name=\"robots\" content=\"index, follow, max-snippet:-1, max-image-preview:large, max-video-preview:-1\" \/>\n<link rel=\"canonical\" href=\"https:\/\/seabreeze-assist.com\/en\/impressum\/\" \/>\n<meta property=\"og:locale\" content=\"en_US\" \/>\n<meta property=\"og:type\" content=\"article\" \/>\n<meta property=\"og:title\" content=\"Impressum - Seabreeze Assist\" \/>\n<meta property=\"og:description\" content=\"Impressum Angaben gem\u00e4\u00df den geltenden gesetzlichen Vorschriften der Europ\u00e4ischen Union sowie den einschl\u00e4gigen Bestimmungen des griechischen Rechts. Anbieter Seabreeze AssistRechtsform: O.E. Anschrift:Elevtheriou Venizelou 4381100 MytiliniGriechenland Kontakt E-Mail: info@seabreeze-assist.com Unternehmensangaben Umsatzsteuer-Identifikationsnummer gem\u00e4\u00df Art. 28 MwStSystRL: EL802862076Steuernummer (\u0391\u03a6\u039c): 802862076Zust\u00e4ndiges Finanzamt: Mytilini Verantwortlich f\u00fcr den Inhalt Seabreeze Assist O.E.Anschrift wie oben Online-Streitbeilegung Die Europ\u00e4ische Kommission stellt eine Plattform [&hellip;]\" \/>\n<meta property=\"og:url\" content=\"https:\/\/seabreeze-assist.com\/en\/impressum\/\" \/>\n<meta property=\"og:site_name\" content=\"Seabreeze Assist\" \/>\n<meta property=\"article:modified_time\" content=\"2026-01-05T14:26:06+00:00\" \/>\n<meta name=\"twitter:card\" content=\"summary_large_image\" \/>\n<meta name=\"twitter:label1\" content=\"Est. reading time\" \/>\n\t<meta name=\"twitter:data1\" content=\"1 minute\" \/>\n<script type=\"application\/ld+json\" class=\"yoast-schema-graph\">{\"@context\":\"https:\\\/\\\/schema.org\",\"@graph\":[{\"@type\":\"WebPage\",\"@id\":\"https:\\\/\\\/seabreeze-assist.com\\\/impressum\\\/\",\"url\":\"https:\\\/\\\/seabreeze-assist.com\\\/impressum\\\/\",\"name\":\"Impressum - Seabreeze Assist\",\"isPartOf\":{\"@id\":\"https:\\\/\\\/seabreeze-assist.com\\\/#website\"},\"datePublished\":\"2025-08-26T05:57:07+00:00\",\"dateModified\":\"2026-01-05T14:26:06+00:00\",\"breadcrumb\":{\"@id\":\"https:\\\/\\\/seabreeze-assist.com\\\/impressum\\\/#breadcrumb\"},\"inLanguage\":\"en-CA\",\"potentialAction\":[{\"@type\":\"ReadAction\",\"target\":[\"https:\\\/\\\/seabreeze-assist.com\\\/impressum\\\/\"]}]},{\"@type\":\"BreadcrumbList\",\"@id\":\"https:\\\/\\\/seabreeze-assist.com\\\/impressum\\\/#breadcrumb\",\"itemListElement\":[{\"@type\":\"ListItem\",\"position\":1,\"name\":\"Start\",\"item\":\"https:\\\/\\\/seabreeze-assist.com\\\/\"},{\"@type\":\"ListItem\",\"position\":2,\"name\":\"Impressum\"}]},{\"@type\":\"WebSite\",\"@id\":\"https:\\\/\\\/seabreeze-assist.com\\\/#website\",\"url\":\"https:\\\/\\\/seabreeze-assist.com\\\/\",\"name\":\"seabreeze-assist.com\",\"description\":\"Full-Service Digitalagentur f\u00fcr KMU\",\"publisher\":{\"@id\":\"https:\\\/\\\/seabreeze-assist.com\\\/#organization\"},\"potentialAction\":[{\"@type\":\"SearchAction\",\"target\":{\"@type\":\"EntryPoint\",\"urlTemplate\":\"https:\\\/\\\/seabreeze-assist.com\\\/?s={search_term_string}\"},\"query-input\":{\"@type\":\"PropertyValueSpecification\",\"valueRequired\":true,\"valueName\":\"search_term_string\"}}],\"inLanguage\":\"en-CA\"},{\"@type\":\"Organization\",\"@id\":\"https:\\\/\\\/seabreeze-assist.com\\\/#organization\",\"name\":\"Digitalagentur - Seabreeze Assist O.E.\",\"url\":\"https:\\\/\\\/seabreeze-assist.com\\\/\",\"logo\":{\"@type\":\"ImageObject\",\"inLanguage\":\"en-CA\",\"@id\":\"https:\\\/\\\/seabreeze-assist.com\\\/#\\\/schema\\\/logo\\\/image\\\/\",\"url\":\"https:\\\/\\\/seabreeze-assist.com\\\/wp-content\\\/uploads\\\/2025\\\/08\\\/cropped-logo-transparent-seabreeze-assist.png\",\"contentUrl\":\"https:\\\/\\\/seabreeze-assist.com\\\/wp-content\\\/uploads\\\/2025\\\/08\\\/cropped-logo-transparent-seabreeze-assist.png\",\"width\":1024,\"height\":942,\"caption\":\"Digitalagentur - Seabreeze Assist O.E.\"},\"image\":{\"@id\":\"https:\\\/\\\/seabreeze-assist.com\\\/#\\\/schema\\\/logo\\\/image\\\/\"},\"sameAs\":[\"https:\\\/\\\/www.linkedin.com\\\/company\\\/seabreeze-assist-o-e\\\/\"]}]}<\/script>\n<!-- \/ Yoast SEO plugin. -->","yoast_head_json":{"title":"Impressum - Seabreeze Assist","robots":{"index":"index","follow":"follow","max-snippet":"max-snippet:-1","max-image-preview":"max-image-preview:large","max-video-preview":"max-video-preview:-1"},"canonical":"https:\/\/seabreeze-assist.com\/en\/impressum\/","og_locale":"en_US","og_type":"article","og_title":"Impressum - Seabreeze Assist","og_description":"Impressum Angaben gem\u00e4\u00df den geltenden gesetzlichen Vorschriften der Europ\u00e4ischen Union sowie den einschl\u00e4gigen Bestimmungen des griechischen Rechts. Anbieter Seabreeze AssistRechtsform: O.E. Anschrift:Elevtheriou Venizelou 4381100 MytiliniGriechenland Kontakt E-Mail: info@seabreeze-assist.com Unternehmensangaben Umsatzsteuer-Identifikationsnummer gem\u00e4\u00df Art. 28 MwStSystRL: EL802862076Steuernummer (\u0391\u03a6\u039c): 802862076Zust\u00e4ndiges Finanzamt: Mytilini Verantwortlich f\u00fcr den Inhalt Seabreeze Assist O.E.Anschrift wie oben Online-Streitbeilegung Die Europ\u00e4ische Kommission stellt eine Plattform [&hellip;]","og_url":"https:\/\/seabreeze-assist.com\/en\/impressum\/","og_site_name":"Seabreeze Assist","article_modified_time":"2026-01-05T14:26:06+00:00","twitter_card":"summary_large_image","twitter_misc":{"Est. reading time":"1 minute"},"schema":{"@context":"https:\/\/schema.org","@graph":[{"@type":"WebPage","@id":"https:\/\/seabreeze-assist.com\/impressum\/","url":"https:\/\/seabreeze-assist.com\/impressum\/","name":"Impressum - Seabreeze Assist","isPartOf":{"@id":"https:\/\/seabreeze-assist.com\/#website"},"datePublished":"2025-08-26T05:57:07+00:00","dateModified":"2026-01-05T14:26:06+00:00","breadcrumb":{"@id":"https:\/\/seabreeze-assist.com\/impressum\/#breadcrumb"},"inLanguage":"en-CA","potentialAction":[{"@type":"ReadAction","target":["https:\/\/seabreeze-assist.com\/impressum\/"]}]},{"@type":"BreadcrumbList","@id":"https:\/\/seabreeze-assist.com\/impressum\/#breadcrumb","itemListElement":[{"@type":"ListItem","position":1,"name":"Start","item":"https:\/\/seabreeze-assist.com\/"},{"@type":"ListItem","position":2,"name":"Impressum"}]},{"@type":"WebSite","@id":"https:\/\/seabreeze-assist.com\/#website","url":"https:\/\/seabreeze-assist.com\/","name":"seabreeze-assist.com","description":"Full-service digital agency for small and medium-sized businesses","publisher":{"@id":"https:\/\/seabreeze-assist.com\/#organization"},"potentialAction":[{"@type":"SearchAction","target":{"@type":"EntryPoint","urlTemplate":"https:\/\/seabreeze-assist.com\/?s={search_term_string}"},"query-input":{"@type":"PropertyValueSpecification","valueRequired":true,"valueName":"search_term_string"}}],"inLanguage":"en-CA"},{"@type":"Organization","@id":"https:\/\/seabreeze-assist.com\/#organization","name":"Digitalagentur - Seabreeze Assist O.E.","url":"https:\/\/seabreeze-assist.com\/","logo":{"@type":"ImageObject","inLanguage":"en-CA","@id":"https:\/\/seabreeze-assist.com\/#\/schema\/logo\/image\/","url":"https:\/\/seabreeze-assist.com\/wp-content\/uploads\/2025\/08\/cropped-logo-transparent-seabreeze-assist.png","contentUrl":"https:\/\/seabreeze-assist.com\/wp-content\/uploads\/2025\/08\/cropped-logo-transparent-seabreeze-assist.png","width":1024,"height":942,"caption":"Digitalagentur - Seabreeze Assist O.E."},"image":{"@id":"https:\/\/seabreeze-assist.com\/#\/schema\/logo\/image\/"},"sameAs":["https:\/\/www.linkedin.com\/company\/seabreeze-assist-o-e\/"]}]}},"_links":{"self":[{"href":"https:\/\/seabreeze-assist.com\/en\/wp-json\/wp\/v2\/pages\/311","targetHints":{"allow":["GET"]}}],"collection":[{"href":"https:\/\/seabreeze-assist.com\/en\/wp-json\/wp\/v2\/pages"}],"about":[{"href":"https:\/\/seabreeze-assist.com\/en\/wp-json\/wp\/v2\/types\/page"}],"author":[{"embeddable":true,"href":"https:\/\/seabreeze-assist.com\/en\/wp-json\/wp\/v2\/users\/1"}],"replies":[{"embeddable":true,"href":"https:\/\/seabreeze-assist.com\/en\/wp-json\/wp\/v2\/comments?post=311"}],"version-history":[{"count":10,"href":"https:\/\/seabreeze-assist.com\/en\/wp-json\/wp\/v2\/pages\/311\/revisions"}],"predecessor-version":[{"id":515,"href":"https:\/\/seabreeze-assist.com\/en\/wp-json\/wp\/v2\/pages\/311\/revisions\/515"}],"wp:attachment":[{"href":"https:\/\/seabreeze-assist.com\/en\/wp-json\/wp\/v2\/media?parent=311"}],"curies":[{"name":"wp","href":"https:\/\/api.w.org\/{rel}","templated":true}]}}